{"id":30,"date":"2021-09-03T09:54:06","date_gmt":"2021-09-03T09:54:06","guid":{"rendered":"http:\/\/obsthofgriesbach.de\/?page_id=30"},"modified":"2021-10-19T06:41:58","modified_gmt":"2021-10-19T06:41:58","slug":"produkte","status":"publish","type":"page","link":"https:\/\/obsthofgriesbach.de\/?page_id=30","title":{"rendered":"Produkte"},"content":{"rendered":"<h3><strong>In unserem Hofverkauf gibt es eine gro\u00dfe Vielfalt an Obst:<\/strong><\/h3>\n<ul>\n<li>bis zu 12 verschiedene Apfelsorten<img loading=\"lazy\" decoding=\"async\" class=\" wp-image-37 alignright\" src=\"https:\/\/obsthofgriesbach.de\/wp-content\/uploads\/2018\/05\/\u00c4pfel-am-Baum-168x300.jpg\" alt=\"\" width=\"185\" height=\"331\" srcset=\"https:\/\/obsthofgriesbach.de\/wp-content\/uploads\/2018\/05\/\u00c4pfel-am-Baum-168x300.jpg 168w, https:\/\/obsthofgriesbach.de\/wp-content\/uploads\/2018\/05\/\u00c4pfel-am-Baum-768x1368.jpg 768w\" sizes=\"auto, (max-width: 185px) 100vw, 185px\" \/><\/li>\n<li>Erdbeeren (saisonal)<\/li>\n<li>Himbeeren (saisonal)<\/li>\n<li>S\u00fc\u00df- und Sauerkirschen (saisonal)<\/li>\n<li>Pflaumen (saisonal)<\/li>\n<li>Birnen (saisonal)<\/li>\n<li>desweiteren k\u00f6nnen Sie bei uns\n<ul>\n<li>Obsts\u00e4fte,<\/li>\n<li>Obstweine und -schn\u00e4pse,<\/li>\n<li>Honig von regionalen Imkern,<\/li>\n<li>Kartoffeln aus der Heimat,<\/li>\n<li>Salben und Bonbons erwerben<\/li>\n<\/ul>\n<\/li>\n<\/ul>\n\n\n<p><\/p>\n","protected":false},"excerpt":{"rendered":"<p>In unserem Hofverkauf gibt es eine gro\u00dfe Vielfalt an Obst: bis zu 12 verschiedene Apfelsorten Erdbeeren (saisonal) Himbeeren (saisonal) S\u00fc\u00df- und Sauerkirschen (saisonal) Pflaumen (saisonal) Birnen (saisonal) desweiteren k\u00f6nnen Sie bei uns Obsts\u00e4fte, Obstweine und -schn\u00e4pse, Honig von regionalen Imkern, Kartoffeln aus der Heimat, Salben und Bonbons erwerben<\/p>\n","protected":false},"author":1,"featured_media":0,"parent":0,"menu_order":0,"comment_status":"closed","ping_status":"closed","template":"","meta":{"footnotes":""},"class_list":["post-30","page","type-page","status-publish","hentry"],"_links":{"self":[{"href":"https:\/\/obsthofgriesbach.de\/index.php?rest_route=\/wp\/v2\/pages\/30","targetHints":{"allow":["GET"]}}],"collection":[{"href":"https:\/\/obsthofgriesbach.de\/index.php?rest_route=\/wp\/v2\/pages"}],"about":[{"href":"https:\/\/obsthofgriesbach.de\/index.php?rest_route=\/wp\/v2\/types\/page"}],"author":[{"embeddable":true,"href":"https:\/\/obsthofgriesbach.de\/index.php?rest_route=\/wp\/v2\/users\/1"}],"replies":[{"embeddable":true,"href":"https:\/\/obsthofgriesbach.de\/index.php?rest_route=%2Fwp%2Fv2%2Fcomments&post=30"}],"version-history":[{"count":8,"href":"https:\/\/obsthofgriesbach.de\/index.php?rest_route=\/wp\/v2\/pages\/30\/revisions"}],"predecessor-version":[{"id":207,"href":"https:\/\/obsthofgriesbach.de\/index.php?rest_route=\/wp\/v2\/pages\/30\/revisions\/207"}],"wp:attachment":[{"href":"https:\/\/obsthofgriesbach.de\/index.php?rest_route=%2Fwp%2Fv2%2Fmedia&parent=30"}],"curies":[{"name":"wp","href":"https:\/\/api.w.org\/{rel}","templated":true}]}}