{"id":9,"date":"2018-05-24T07:08:04","date_gmt":"2018-05-24T07:08:04","guid":{"rendered":"http:\/\/obsthofgriesbach.de\/?page_id=9"},"modified":"2020-03-20T12:20:55","modified_gmt":"2020-03-20T12:20:55","slug":"impressum","status":"publish","type":"page","link":"https:\/\/obsthofgriesbach.de\/?page_id=9","title":{"rendered":"Impressum"},"content":{"rendered":"<h1>Impressum<\/h1>\n<p><strong>Obsthof Griesbach<\/strong><\/p>\n<p>01809 Dohna<br \/>\nTelefon:\u00a0 \u00a0 \u00a00351\/2848587<\/p>\n<p>Fax:\u00a0 \u00a0 \u00a0 \u00a0 \u00a0 \u00a0 0351\/2818043<br \/>\nE-Mail:\u00a0\u00a0\u00a0\u00a0\u00a0\u00a0\u00a0<strong><u><a href=\"mailto:info@obsthofgriesbach.de\">info@obsthofgriesbach.de<\/a><\/u><\/strong><br \/>\nInternet: \u00a0\u00a0 <a href=\"http:\/\/www.holz-rentsch.de\"><strong>www.obsthofgriesbach.de <\/strong><\/a><br \/>\nInhaber:\u00a0 \u00a0 Peter Griesbach<br \/>\nUSt.Id.Nr.: DE 140\u00a0 465 264<\/p>\n<p>St.Nr.:\u00a0\u00a0\u00a0\u00a0210\/154\/06205<\/p>\n<p>Rechtliche Hinweise<\/p>\n<ol>\n<li>Inhalt des Online-Angebotes<\/li>\n<li>Von uns wird keinerlei Gew\u00e4hr f\u00fcr die Aktualit\u00e4t, Korrektheit, Vollst\u00e4ndigkeit oder Qualit\u00e4t der bereitgestellten Informationen \u00fcbernommen. Wir schlie\u00dfen grunds\u00e4tzlich Haftungsanspr\u00fcche aus, welche sich auf Sch\u00e4den materieller oder ideeller Art beziehen, die durch die Nutzung oder Nichtnutzung der dargestellten Informationen bzw. durch die Nutzung fehlerhafter und unvollst\u00e4ndiger Informationen verursacht wurden&#8230;<\/li>\n<\/ol>\n","protected":false},"excerpt":{"rendered":"<p>Impressum Obsthof Griesbach 01809 Dohna Telefon:\u00a0 \u00a0 \u00a00351\/2848587 Fax:\u00a0 \u00a0 \u00a0 \u00a0 \u00a0 \u00a0 0351\/2818043 E-Mail:\u00a0\u00a0\u00a0\u00a0\u00a0\u00a0\u00a0info@obsthofgriesbach.de Internet: \u00a0\u00a0 www.obsthofgriesbach.de Inhaber:\u00a0 \u00a0 Peter Griesbach USt.Id.Nr.: DE 140\u00a0 465 264 St.Nr.:\u00a0\u00a0\u00a0\u00a0210\/154\/06205 Rechtliche Hinweise Inhalt des Online-Angebotes Von uns wird keinerlei Gew\u00e4hr f\u00fcr die Aktualit\u00e4t, Korrektheit, Vollst\u00e4ndigkeit oder Qualit\u00e4t der bereitgestellten Informationen \u00fcbernommen. Wir schlie\u00dfen grunds\u00e4tzlich Haftungsanspr\u00fcche aus, &hellip; <\/p>\n<p class=\"link-more\"><a href=\"https:\/\/obsthofgriesbach.de\/?page_id=9\" class=\"more-link\"><span class=\"screen-reader-text\">\u201eImpressum\u201c<\/span> weiterlesen<\/a><\/p>\n","protected":false},"author":1,"featured_media":0,"parent":0,"menu_order":0,"comment_status":"closed","ping_status":"closed","template":"","meta":{"footnotes":""},"class_list":["post-9","page","type-page","status-publish","hentry"],"_links":{"self":[{"href":"https:\/\/obsthofgriesbach.de\/index.php?rest_route=\/wp\/v2\/pages\/9","targetHints":{"allow":["GET"]}}],"collection":[{"href":"https:\/\/obsthofgriesbach.de\/index.php?rest_route=\/wp\/v2\/pages"}],"about":[{"href":"https:\/\/obsthofgriesbach.de\/index.php?rest_route=\/wp\/v2\/types\/page"}],"author":[{"embeddable":true,"href":"https:\/\/obsthofgriesbach.de\/index.php?rest_route=\/wp\/v2\/users\/1"}],"replies":[{"embeddable":true,"href":"https:\/\/obsthofgriesbach.de\/index.php?rest_route=%2Fwp%2Fv2%2Fcomments&post=9"}],"version-history":[{"count":5,"href":"https:\/\/obsthofgriesbach.de\/index.php?rest_route=\/wp\/v2\/pages\/9\/revisions"}],"predecessor-version":[{"id":105,"href":"https:\/\/obsthofgriesbach.de\/index.php?rest_route=\/wp\/v2\/pages\/9\/revisions\/105"}],"wp:attachment":[{"href":"https:\/\/obsthofgriesbach.de\/index.php?rest_route=%2Fwp%2Fv2%2Fmedia&parent=9"}],"curies":[{"name":"wp","href":"https:\/\/api.w.org\/{rel}","templated":true}]}}